{"id":22,"date":"2025-09-11T08:33:03","date_gmt":"2025-09-11T08:33:03","guid":{"rendered":"https:\/\/lenhome.com.vn\/?page_id=22"},"modified":"2025-09-11T08:33:03","modified_gmt":"2025-09-11T08:33:03","slug":"lien-he","status":"publish","type":"page","link":"https:\/\/lenhome.com.vn\/?page_id=22","title":{"rendered":"Li\u00ean H\u1ec7"},"content":{"rendered":"","protected":false},"excerpt":{"rendered":"","protected":false},"author":1,"featured_media":0,"parent":0,"menu_order":0,"comment_status":"closed","ping_status":"closed","template":"","meta":{"footnotes":""},"class_list":["post-22","page","type-page","status-publish","hentry"],"yoast_head":"<!-- This site is optimized with the Yoast SEO plugin v25.9 - https:\/\/yoast.com\/wordpress\/plugins\/seo\/ -->\n<title>Li\u00ean H\u1ec7 - LEN HOME<\/title>\n<meta name=\"robots\" content=\"index, follow, max-snippet:-1, max-image-preview:large, max-video-preview:-1\" \/>\n<link rel=\"canonical\" href=\"https:\/\/lenhome.com.vn\/?page_id=22\" \/>\n<meta property=\"og:locale\" content=\"vi_VN\" \/>\n<meta property=\"og:type\" content=\"article\" \/>\n<meta property=\"og:title\" content=\"Li\u00ean H\u1ec7 - LEN HOME\" \/>\n<meta property=\"og:url\" content=\"https:\/\/lenhome.com.vn\/?page_id=22\" \/>\n<meta property=\"og:site_name\" content=\"LEN HOME\" \/>\n<meta name=\"twitter:card\" content=\"summary_large_image\" \/>\n<script type=\"application\/ld+json\" class=\"yoast-schema-graph\">{\"@context\":\"https:\/\/schema.org\",\"@graph\":[{\"@type\":\"WebPage\",\"@id\":\"https:\/\/lenhome.com.vn\/?page_id=22\",\"url\":\"https:\/\/lenhome.com.vn\/?page_id=22\",\"name\":\"Li\u00ean H\u1ec7 - LEN HOME\",\"isPartOf\":{\"@id\":\"https:\/\/lenhome.com.vn\/#website\"},\"datePublished\":\"2025-09-11T08:33:03+00:00\",\"breadcrumb\":{\"@id\":\"https:\/\/lenhome.com.vn\/?page_id=22#breadcrumb\"},\"inLanguage\":\"vi\",\"potentialAction\":[{\"@type\":\"ReadAction\",\"target\":[\"https:\/\/lenhome.com.vn\/?page_id=22\"]}]},{\"@type\":\"BreadcrumbList\",\"@id\":\"https:\/\/lenhome.com.vn\/?page_id=22#breadcrumb\",\"itemListElement\":[{\"@type\":\"ListItem\",\"position\":1,\"name\":\"Trang ch\u1ee7\",\"item\":\"https:\/\/lenhome.com.vn\/\"},{\"@type\":\"ListItem\",\"position\":2,\"name\":\"Li\u00ean H\u1ec7\"}]},{\"@type\":\"WebSite\",\"@id\":\"https:\/\/lenhome.com.vn\/#website\",\"url\":\"https:\/\/lenhome.com.vn\/\",\"name\":\"LEN HOME\",\"description\":\"Ki\u1ebfn Tr\u00fac v\u00e0 X\u00e2y D\u1ef1ng\",\"publisher\":{\"@id\":\"https:\/\/lenhome.com.vn\/#organization\"},\"potentialAction\":[{\"@type\":\"SearchAction\",\"target\":{\"@type\":\"EntryPoint\",\"urlTemplate\":\"https:\/\/lenhome.com.vn\/?s={search_term_string}\"},\"query-input\":{\"@type\":\"PropertyValueSpecification\",\"valueRequired\":true,\"valueName\":\"search_term_string\"}}],\"inLanguage\":\"vi\"},{\"@type\":\"Organization\",\"@id\":\"https:\/\/lenhome.com.vn\/#organization\",\"name\":\"LEN HOME\",\"url\":\"https:\/\/lenhome.com.vn\/\",\"logo\":{\"@type\":\"ImageObject\",\"inLanguage\":\"vi\",\"@id\":\"https:\/\/lenhome.com.vn\/#\/schema\/logo\/image\/\",\"url\":\"https:\/\/lenhome.com.vn\/wp-content\/uploads\/2025\/09\/cropped-logo-5.jpg\",\"contentUrl\":\"https:\/\/lenhome.com.vn\/wp-content\/uploads\/2025\/09\/cropped-logo-5.jpg\",\"width\":752,\"height\":251,\"caption\":\"LEN HOME\"},\"image\":{\"@id\":\"https:\/\/lenhome.com.vn\/#\/schema\/logo\/image\/\"}}]}<\/script>\n<!-- \/ Yoast SEO plugin. -->","yoast_head_json":{"title":"Li\u00ean H\u1ec7 - LEN HOME","robots":{"index":"index","follow":"follow","max-snippet":"max-snippet:-1","max-image-preview":"max-image-preview:large","max-video-preview":"max-video-preview:-1"},"canonical":"https:\/\/lenhome.com.vn\/?page_id=22","og_locale":"vi_VN","og_type":"article","og_title":"Li\u00ean H\u1ec7 - LEN HOME","og_url":"https:\/\/lenhome.com.vn\/?page_id=22","og_site_name":"LEN HOME","twitter_card":"summary_large_image","schema":{"@context":"https:\/\/schema.org","@graph":[{"@type":"WebPage","@id":"https:\/\/lenhome.com.vn\/?page_id=22","url":"https:\/\/lenhome.com.vn\/?page_id=22","name":"Li\u00ean H\u1ec7 - LEN HOME","isPartOf":{"@id":"https:\/\/lenhome.com.vn\/#website"},"datePublished":"2025-09-11T08:33:03+00:00","breadcrumb":{"@id":"https:\/\/lenhome.com.vn\/?page_id=22#breadcrumb"},"inLanguage":"vi","potentialAction":[{"@type":"ReadAction","target":["https:\/\/lenhome.com.vn\/?page_id=22"]}]},{"@type":"BreadcrumbList","@id":"https:\/\/lenhome.com.vn\/?page_id=22#breadcrumb","itemListElement":[{"@type":"ListItem","position":1,"name":"Trang ch\u1ee7","item":"https:\/\/lenhome.com.vn\/"},{"@type":"ListItem","position":2,"name":"Li\u00ean H\u1ec7"}]},{"@type":"WebSite","@id":"https:\/\/lenhome.com.vn\/#website","url":"https:\/\/lenhome.com.vn\/","name":"LEN HOME","description":"Ki\u1ebfn Tr\u00fac v\u00e0 X\u00e2y D\u1ef1ng","publisher":{"@id":"https:\/\/lenhome.com.vn\/#organization"},"potentialAction":[{"@type":"SearchAction","target":{"@type":"EntryPoint","urlTemplate":"https:\/\/lenhome.com.vn\/?s={search_term_string}"},"query-input":{"@type":"PropertyValueSpecification","valueRequired":true,"valueName":"search_term_string"}}],"inLanguage":"vi"},{"@type":"Organization","@id":"https:\/\/lenhome.com.vn\/#organization","name":"LEN HOME","url":"https:\/\/lenhome.com.vn\/","logo":{"@type":"ImageObject","inLanguage":"vi","@id":"https:\/\/lenhome.com.vn\/#\/schema\/logo\/image\/","url":"https:\/\/lenhome.com.vn\/wp-content\/uploads\/2025\/09\/cropped-logo-5.jpg","contentUrl":"https:\/\/lenhome.com.vn\/wp-content\/uploads\/2025\/09\/cropped-logo-5.jpg","width":752,"height":251,"caption":"LEN HOME"},"image":{"@id":"https:\/\/lenhome.com.vn\/#\/schema\/logo\/image\/"}}]}},"_links":{"self":[{"href":"https:\/\/lenhome.com.vn\/index.php?rest_route=\/wp\/v2\/pages\/22","targetHints":{"allow":["GET"]}}],"collection":[{"href":"https:\/\/lenhome.com.vn\/index.php?rest_route=\/wp\/v2\/pages"}],"about":[{"href":"https:\/\/lenhome.com.vn\/index.php?rest_route=\/wp\/v2\/types\/page"}],"author":[{"embeddable":true,"href":"https:\/\/lenhome.com.vn\/index.php?rest_route=\/wp\/v2\/users\/1"}],"replies":[{"embeddable":true,"href":"https:\/\/lenhome.com.vn\/index.php?rest_route=%2Fwp%2Fv2%2Fcomments&post=22"}],"version-history":[{"count":1,"href":"https:\/\/lenhome.com.vn\/index.php?rest_route=\/wp\/v2\/pages\/22\/revisions"}],"predecessor-version":[{"id":23,"href":"https:\/\/lenhome.com.vn\/index.php?rest_route=\/wp\/v2\/pages\/22\/revisions\/23"}],"wp:attachment":[{"href":"https:\/\/lenhome.com.vn\/index.php?rest_route=%2Fwp%2Fv2%2Fmedia&parent=22"}],"curies":[{"name":"wp","href":"https:\/\/api.w.org\/{rel}","templated":true}]}}